{"id":957,"date":"2020-12-05T14:46:11","date_gmt":"2020-12-05T13:46:11","guid":{"rendered":"https:\/\/www.urologie-kheyfets.at\/impressum\/"},"modified":"2026-04-24T11:21:10","modified_gmt":"2026-04-24T09:21:10","slug":"impressum","status":"publish","type":"page","link":"https:\/\/www.urologie-kheyfets.at\/en\/impressum\/","title":{"rendered":"Impressum"},"content":{"rendered":"[vc_row type=&#8221;full_width_content&#8221; full_screen_row_position=&#8221;middle&#8221; column_margin=&#8221;default&#8221; equal_height=&#8221;yes&#8221; content_placement=&#8221;middle&#8221; column_direction=&#8221;default&#8221; column_direction_tablet=&#8221;default&#8221; column_direction_phone=&#8221;default&#8221; bg_color=&#8221;#f9f9f9&#8243; scene_position=&#8221;center&#8221; top_padding=&#8221;1%&#8221; bottom_padding=&#8221;1%&#8221; text_color=&#8221;dark&#8221; text_align=&#8221;left&#8221; row_border_radius=&#8221;none&#8221; row_border_radius_applies=&#8221;bg&#8221; overflow=&#8221;visible&#8221; overlay_strength=&#8221;0.3&#8243; gradient_direction=&#8221;left_to_right&#8221; shape_divider_position=&#8221;bottom&#8221; bg_image_animation=&#8221;none&#8221; shape_type=&#8221;&#8221;][vc_column column_padding=&#8221;padding-3-percent&#8221; column_padding_tablet=&#8221;inherit&#8221; column_padding_phone=&#8221;inherit&#8221; column_padding_position=&#8221;left-right&#8221; column_element_direction_desktop=&#8221;default&#8221; column_element_spacing=&#8221;default&#8221; desktop_text_alignment=&#8221;default&#8221; tablet_text_alignment=&#8221;default&#8221; phone_text_alignment=&#8221;default&#8221; background_color=&#8221;#f9f9f9&#8243; background_color_opacity=&#8221;1&#8243; background_hover_color_opacity=&#8221;1&#8243; column_backdrop_filter=&#8221;none&#8221; column_shadow=&#8221;none&#8221; column_border_radius=&#8221;none&#8221; column_link_target=&#8221;_self&#8221; column_position=&#8221;default&#8221; gradient_direction=&#8221;left_to_right&#8221; overlay_strength=&#8221;0.3&#8243; width=&#8221;1\/1&#8243; tablet_width_inherit=&#8221;default&#8221; animation_type=&#8221;default&#8221; bg_image_animation=&#8221;none&#8221; border_type=&#8221;simple&#8221; column_border_width=&#8221;none&#8221; column_border_style=&#8221;solid&#8221;][vc_column_text]\n<h3>Impressum<\/h3>\n<span><span><a href=\"https:\/\/www.urologie-kheyfets.at\/en\/\">Startseite<\/a><\/span><\/span>[\/vc_column_text][\/vc_column][\/vc_row][vc_row type=&#8221;full_width_content&#8221; full_screen_row_position=&#8221;middle&#8221; column_margin=&#8221;default&#8221; equal_height=&#8221;yes&#8221; content_placement=&#8221;top&#8221; column_direction=&#8221;default&#8221; column_direction_tablet=&#8221;default&#8221; column_direction_phone=&#8221;default&#8221; full_height=&#8221;yes&#8221; columns_placement=&#8221;stretch&#8221; scene_position=&#8221;center&#8221; text_color=&#8221;dark&#8221; text_align=&#8221;left&#8221; row_border_radius=&#8221;none&#8221; row_border_radius_applies=&#8221;bg&#8221; overflow=&#8221;visible&#8221; overlay_strength=&#8221;0.3&#8243; gradient_direction=&#8221;left_to_right&#8221; shape_divider_position=&#8221;bottom&#8221; bg_image_animation=&#8221;none&#8221; shape_type=&#8221;&#8221; gradient_type=&#8221;default&#8221;][vc_column column_padding=&#8221;padding-5-percent&#8221; column_padding_tablet=&#8221;inherit&#8221; column_padding_phone=&#8221;inherit&#8221; column_padding_position=&#8221;all&#8221; column_element_direction_desktop=&#8221;default&#8221; column_element_spacing=&#8221;default&#8221; desktop_text_alignment=&#8221;default&#8221; tablet_text_alignment=&#8221;default&#8221; phone_text_alignment=&#8221;default&#8221; background_color=&#8221;#ffffff&#8221; background_color_opacity=&#8221;1&#8243; background_hover_color_opacity=&#8221;1&#8243; column_backdrop_filter=&#8221;none&#8221; column_shadow=&#8221;none&#8221; column_border_radius=&#8221;none&#8221; column_link_target=&#8221;_self&#8221; column_position=&#8221;default&#8221; gradient_direction=&#8221;left_to_right&#8221; overlay_strength=&#8221;0.3&#8243; width=&#8221;1\/1&#8243; tablet_width_inherit=&#8221;default&#8221; animation_type=&#8221;default&#8221; bg_image_animation=&#8221;none&#8221; border_type=&#8221;simple&#8221; column_border_width=&#8221;none&#8221; column_border_style=&#8221;solid&#8221; column_padding_type=&#8221;default&#8221; gradient_type=&#8221;default&#8221;][vc_column_text css=&#8221;.vc_custom_1777022404083{margin-top: 30px !important;margin-bottom: 30px !important;}&#8221; text_direction=&#8221;default&#8221;]<strong>IMPRESSUM Gem\u00e4\u00df dem \u00f6sterreichischen eCommerce-Gesetz (ECG), \u00a7 5 Abs. 1<\/strong><\/p>\n<p><strong>Medieninhaber und Herausgeber:<\/strong><br \/>\nDr. Oleg Kheyfets, F.E.B.U.<\/p>\n<p><strong>Anschrift Ordination:<\/strong><\/p>\n<p>Johannesgasse 16\/3<br \/>\n1010 Wien<\/p>\n<p>Tel.: +43 664 411 12 75<br \/>\nMail: post@urologie-kheyfets.at<br \/>\nWeb: https:\/\/www.urologie-kheyfets.at<\/p>\n<p><strong>Kammerzugeh\u00f6rigkeit<\/strong><br \/>\nMitglied der \u00c4rztekammer f\u00fcr Wien<\/p>\n<p><strong>Fachrichtung<\/strong><br \/>\nFacharzt f\u00fcr Urologie<\/p>\n<p><strong>Nutzungsbedingungen<\/strong><br \/>\nDie Inhalte (Texte und Bilder) dieser Seiten sind urheberrechtlich gesch\u00fctzt. Die Informationen sind nur f\u00fcr die pers\u00f6nliche Verwendung bestimmt. Jede den Bestimmungen des Urheberrechtsgesetzes widersprechende Verwendung jeglicher Inhalte dieser Webseiten \u2013 insbesondere die weitergehende Nutzung wie beispielsweise die Ver\u00f6ffentlichung, Vervielf\u00e4ltigung und jede Form von gewerblicher Nutzung sowie die Weitergabe an Dritte \u2013 auch in Teilen oder in \u00fcberarbeiteter Form \u2013 ohne ausdr\u00fcckliche vorherige Zustimmung des Urhebers\/Verfassers ist untersagt.<\/p>\n<p>Bitte beachten Sie unsere\u00a0<a href=\"https:\/\/www.urologie-kheyfets.at\/datenschutz\/\">Datenschutzerkl\u00e4rung<\/a>.[\/vc_column_text][\/vc_column][\/vc_row]\n","protected":false},"excerpt":{"rendered":"<p>[vc_row type=&#8221;full_width_content&#8221; full_screen_row_position=&#8221;middle&#8221; column_margin=&#8221;default&#8221; equal_height=&#8221;yes&#8221; content_placement=&#8221;middle&#8221; column_direction=&#8221;default&#8221; column_direction_tablet=&#8221;default&#8221; column_direction_phone=&#8221;default&#8221; bg_color=&#8221;#f9f9f9&#8243; scene_position=&#8221;center&#8221; top_padding=&#8221;1%&#8221; bottom_padding=&#8221;1%&#8221; text_color=&#8221;dark&#8221; text_align=&#8221;left&#8221; row_border_radius=&#8221;none&#8221; row_border_radius_applies=&#8221;bg&#8221; overflow=&#8221;visible&#8221; overlay_strength=&#8221;0.3&#8243; gradient_direction=&#8221;left_to_right&#8221; shape_divider_position=&#8221;bottom&#8221; bg_image_animation=&#8221;none&#8221; shape_type=&#8221;&#8221;][vc_column column_padding=&#8221;padding-3-percent&#8221; column_padding_tablet=&#8221;inherit&#8221; column_padding_phone=&#8221;inherit&#8221; column_padding_position=&#8221;left-right&#8221; column_element_direction_desktop=&#8221;default&#8221; column_element_spacing=&#8221;default&#8221; desktop_text_alignment=&#8221;default&#8221;&#8230;<\/p>\n","protected":false},"author":2,"featured_media":507,"parent":0,"menu_order":0,"comment_status":"closed","ping_status":"closed","template":"","meta":{"footnotes":""},"class_list":["post-957","page","type-page","status-publish","has-post-thumbnail"],"yoast_head":"<!-- This site is optimized with the Yoast SEO plugin v27.5 - https:\/\/yoast.com\/product\/yoast-seo-wordpress\/ -->\n<title>Impressum - Urologe in Wien und Purkersdorf<\/title>\n<meta name=\"robots\" content=\"noindex, nofollow\" \/>\n<meta property=\"og:locale\" content=\"en_US\" \/>\n<meta property=\"og:type\" content=\"article\" \/>\n<meta property=\"og:title\" content=\"Impressum - Urologe in Wien und Purkersdorf\" \/>\n<meta property=\"og:description\" content=\"[vc_row type=&#8221;full_width_content&#8221; full_screen_row_position=&#8221;middle&#8221; column_margin=&#8221;default&#8221; equal_height=&#8221;yes&#8221; content_placement=&#8221;middle&#8221; column_direction=&#8221;default&#8221; column_direction_tablet=&#8221;default&#8221; column_direction_phone=&#8221;default&#8221; bg_color=&#8221;#f9f9f9&#8243; scene_position=&#8221;center&#8221; top_padding=&#8221;1%&#8221; bottom_padding=&#8221;1%&#8221; text_color=&#8221;dark&#8221; text_align=&#8221;left&#8221; row_border_radius=&#8221;none&#8221; row_border_radius_applies=&#8221;bg&#8221; overflow=&#8221;visible&#8221; overlay_strength=&#8221;0.3&#8243; gradient_direction=&#8221;left_to_right&#8221; shape_divider_position=&#8221;bottom&#8221; bg_image_animation=&#8221;none&#8221; shape_type=&#8221;&#8221;][vc_column column_padding=&#8221;padding-3-percent&#8221; column_padding_tablet=&#8221;inherit&#8221; column_padding_phone=&#8221;inherit&#8221; column_padding_position=&#8221;left-right&#8221; column_element_direction_desktop=&#8221;default&#8221; column_element_spacing=&#8221;default&#8221; desktop_text_alignment=&#8221;default&#8221;...\" \/>\n<meta property=\"og:url\" content=\"https:\/\/www.urologie-kheyfets.at\/en\/impressum\/\" \/>\n<meta property=\"og:site_name\" content=\"Urologe in Wien und Purkersdorf\" \/>\n<meta property=\"article:modified_time\" content=\"2026-04-24T09:21:10+00:00\" \/>\n<meta property=\"og:image\" content=\"https:\/\/www.urologie-kheyfets.at\/wp-content\/uploads\/2020\/12\/Urologe-in-Wien-1010-Dr-Oleg-Kheyfets-Uro-Wien-scaled.jpg\" \/>\n\t<meta property=\"og:image:width\" content=\"2560\" \/>\n\t<meta property=\"og:image:height\" content=\"1706\" \/>\n\t<meta property=\"og:image:type\" content=\"image\/jpeg\" \/>\n<meta name=\"twitter:card\" content=\"summary_large_image\" \/>\n<meta name=\"twitter:label1\" content=\"Est. reading time\" \/>\n\t<meta name=\"twitter:data1\" content=\"2 minutes\" \/>\n<script type=\"application\/ld+json\" class=\"yoast-schema-graph\">{\"@context\":\"https:\\\/\\\/schema.org\",\"@graph\":[{\"@type\":\"WebPage\",\"@id\":\"https:\\\/\\\/www.urologie-kheyfets.at\\\/en\\\/impressum\\\/\",\"url\":\"https:\\\/\\\/www.urologie-kheyfets.at\\\/en\\\/impressum\\\/\",\"name\":\"Impressum - Urologe in Wien und Purkersdorf\",\"isPartOf\":{\"@id\":\"https:\\\/\\\/www.urologie-kheyfets.at\\\/en\\\/#website\"},\"primaryImageOfPage\":{\"@id\":\"https:\\\/\\\/www.urologie-kheyfets.at\\\/en\\\/impressum\\\/#primaryimage\"},\"image\":{\"@id\":\"https:\\\/\\\/www.urologie-kheyfets.at\\\/en\\\/impressum\\\/#primaryimage\"},\"thumbnailUrl\":\"https:\\\/\\\/www.urologie-kheyfets.at\\\/wp-content\\\/uploads\\\/2020\\\/12\\\/Urologe-in-Wien-1010-Dr-Oleg-Kheyfets-Uro-Wien-scaled.jpg\",\"datePublished\":\"2020-12-05T13:46:11+00:00\",\"dateModified\":\"2026-04-24T09:21:10+00:00\",\"breadcrumb\":{\"@id\":\"https:\\\/\\\/www.urologie-kheyfets.at\\\/en\\\/impressum\\\/#breadcrumb\"},\"inLanguage\":\"en-US\",\"potentialAction\":[{\"@type\":\"ReadAction\",\"target\":[\"https:\\\/\\\/www.urologie-kheyfets.at\\\/en\\\/impressum\\\/\"]}]},{\"@type\":\"ImageObject\",\"inLanguage\":\"en-US\",\"@id\":\"https:\\\/\\\/www.urologie-kheyfets.at\\\/en\\\/impressum\\\/#primaryimage\",\"url\":\"https:\\\/\\\/www.urologie-kheyfets.at\\\/wp-content\\\/uploads\\\/2020\\\/12\\\/Urologe-in-Wien-1010-Dr-Oleg-Kheyfets-Uro-Wien-scaled.jpg\",\"contentUrl\":\"https:\\\/\\\/www.urologie-kheyfets.at\\\/wp-content\\\/uploads\\\/2020\\\/12\\\/Urologe-in-Wien-1010-Dr-Oleg-Kheyfets-Uro-Wien-scaled.jpg\",\"width\":2560,\"height\":1706,\"caption\":\"Dr. Oleg Kheyfets - Urologe in Wien, Urologe in Purkersdorf\"},{\"@type\":\"BreadcrumbList\",\"@id\":\"https:\\\/\\\/www.urologie-kheyfets.at\\\/en\\\/impressum\\\/#breadcrumb\",\"itemListElement\":[{\"@type\":\"ListItem\",\"position\":1,\"name\":\"Startseite\",\"item\":\"https:\\\/\\\/www.urologie-kheyfets.at\\\/en\\\/\"},{\"@type\":\"ListItem\",\"position\":2,\"name\":\"Impressum\"}]},{\"@type\":\"WebSite\",\"@id\":\"https:\\\/\\\/www.urologie-kheyfets.at\\\/en\\\/#website\",\"url\":\"https:\\\/\\\/www.urologie-kheyfets.at\\\/en\\\/\",\"name\":\"Urologe in Wien und Purkersdorf\",\"description\":\"Asst. Prof. Dr. Oleg Kheyfets, FEBU\",\"potentialAction\":[{\"@type\":\"SearchAction\",\"target\":{\"@type\":\"EntryPoint\",\"urlTemplate\":\"https:\\\/\\\/www.urologie-kheyfets.at\\\/en\\\/?s={search_term_string}\"},\"query-input\":{\"@type\":\"PropertyValueSpecification\",\"valueRequired\":true,\"valueName\":\"search_term_string\"}}],\"inLanguage\":\"en-US\"}]}<\/script>\n<!-- \/ Yoast SEO plugin. -->","yoast_head_json":{"title":"Impressum - Urologe in Wien und Purkersdorf","robots":{"index":"noindex","follow":"nofollow"},"og_locale":"en_US","og_type":"article","og_title":"Impressum - Urologe in Wien und Purkersdorf","og_description":"[vc_row type=&#8221;full_width_content&#8221; full_screen_row_position=&#8221;middle&#8221; column_margin=&#8221;default&#8221; equal_height=&#8221;yes&#8221; content_placement=&#8221;middle&#8221; column_direction=&#8221;default&#8221; column_direction_tablet=&#8221;default&#8221; column_direction_phone=&#8221;default&#8221; bg_color=&#8221;#f9f9f9&#8243; scene_position=&#8221;center&#8221; top_padding=&#8221;1%&#8221; bottom_padding=&#8221;1%&#8221; text_color=&#8221;dark&#8221; text_align=&#8221;left&#8221; row_border_radius=&#8221;none&#8221; row_border_radius_applies=&#8221;bg&#8221; overflow=&#8221;visible&#8221; overlay_strength=&#8221;0.3&#8243; gradient_direction=&#8221;left_to_right&#8221; shape_divider_position=&#8221;bottom&#8221; bg_image_animation=&#8221;none&#8221; shape_type=&#8221;&#8221;][vc_column column_padding=&#8221;padding-3-percent&#8221; column_padding_tablet=&#8221;inherit&#8221; column_padding_phone=&#8221;inherit&#8221; column_padding_position=&#8221;left-right&#8221; column_element_direction_desktop=&#8221;default&#8221; column_element_spacing=&#8221;default&#8221; desktop_text_alignment=&#8221;default&#8221;...","og_url":"https:\/\/www.urologie-kheyfets.at\/en\/impressum\/","og_site_name":"Urologe in Wien und Purkersdorf","article_modified_time":"2026-04-24T09:21:10+00:00","og_image":[{"width":2560,"height":1706,"url":"https:\/\/www.urologie-kheyfets.at\/wp-content\/uploads\/2020\/12\/Urologe-in-Wien-1010-Dr-Oleg-Kheyfets-Uro-Wien-scaled.jpg","type":"image\/jpeg"}],"twitter_card":"summary_large_image","twitter_misc":{"Est. reading time":"2 minutes"},"schema":{"@context":"https:\/\/schema.org","@graph":[{"@type":"WebPage","@id":"https:\/\/www.urologie-kheyfets.at\/en\/impressum\/","url":"https:\/\/www.urologie-kheyfets.at\/en\/impressum\/","name":"Impressum - Urologe in Wien und Purkersdorf","isPartOf":{"@id":"https:\/\/www.urologie-kheyfets.at\/en\/#website"},"primaryImageOfPage":{"@id":"https:\/\/www.urologie-kheyfets.at\/en\/impressum\/#primaryimage"},"image":{"@id":"https:\/\/www.urologie-kheyfets.at\/en\/impressum\/#primaryimage"},"thumbnailUrl":"https:\/\/www.urologie-kheyfets.at\/wp-content\/uploads\/2020\/12\/Urologe-in-Wien-1010-Dr-Oleg-Kheyfets-Uro-Wien-scaled.jpg","datePublished":"2020-12-05T13:46:11+00:00","dateModified":"2026-04-24T09:21:10+00:00","breadcrumb":{"@id":"https:\/\/www.urologie-kheyfets.at\/en\/impressum\/#breadcrumb"},"inLanguage":"en-US","potentialAction":[{"@type":"ReadAction","target":["https:\/\/www.urologie-kheyfets.at\/en\/impressum\/"]}]},{"@type":"ImageObject","inLanguage":"en-US","@id":"https:\/\/www.urologie-kheyfets.at\/en\/impressum\/#primaryimage","url":"https:\/\/www.urologie-kheyfets.at\/wp-content\/uploads\/2020\/12\/Urologe-in-Wien-1010-Dr-Oleg-Kheyfets-Uro-Wien-scaled.jpg","contentUrl":"https:\/\/www.urologie-kheyfets.at\/wp-content\/uploads\/2020\/12\/Urologe-in-Wien-1010-Dr-Oleg-Kheyfets-Uro-Wien-scaled.jpg","width":2560,"height":1706,"caption":"Dr. Oleg Kheyfets - Urologe in Wien, Urologe in Purkersdorf"},{"@type":"BreadcrumbList","@id":"https:\/\/www.urologie-kheyfets.at\/en\/impressum\/#breadcrumb","itemListElement":[{"@type":"ListItem","position":1,"name":"Startseite","item":"https:\/\/www.urologie-kheyfets.at\/en\/"},{"@type":"ListItem","position":2,"name":"Impressum"}]},{"@type":"WebSite","@id":"https:\/\/www.urologie-kheyfets.at\/en\/#website","url":"https:\/\/www.urologie-kheyfets.at\/en\/","name":"Urologe in Wien und Purkersdorf","description":"Asst. Prof. Dr. Oleg Kheyfets, FEBU","potentialAction":[{"@type":"SearchAction","target":{"@type":"EntryPoint","urlTemplate":"https:\/\/www.urologie-kheyfets.at\/en\/?s={search_term_string}"},"query-input":{"@type":"PropertyValueSpecification","valueRequired":true,"valueName":"search_term_string"}}],"inLanguage":"en-US"}]}},"_links":{"self":[{"href":"https:\/\/www.urologie-kheyfets.at\/en\/wp-json\/wp\/v2\/pages\/957","targetHints":{"allow":["GET"]}}],"collection":[{"href":"https:\/\/www.urologie-kheyfets.at\/en\/wp-json\/wp\/v2\/pages"}],"about":[{"href":"https:\/\/www.urologie-kheyfets.at\/en\/wp-json\/wp\/v2\/types\/page"}],"author":[{"embeddable":true,"href":"https:\/\/www.urologie-kheyfets.at\/en\/wp-json\/wp\/v2\/users\/2"}],"replies":[{"embeddable":true,"href":"https:\/\/www.urologie-kheyfets.at\/en\/wp-json\/wp\/v2\/comments?post=957"}],"version-history":[{"count":2,"href":"https:\/\/www.urologie-kheyfets.at\/en\/wp-json\/wp\/v2\/pages\/957\/revisions"}],"predecessor-version":[{"id":1390,"href":"https:\/\/www.urologie-kheyfets.at\/en\/wp-json\/wp\/v2\/pages\/957\/revisions\/1390"}],"wp:featuredmedia":[{"embeddable":true,"href":"https:\/\/www.urologie-kheyfets.at\/en\/wp-json\/wp\/v2\/media\/507"}],"wp:attachment":[{"href":"https:\/\/www.urologie-kheyfets.at\/en\/wp-json\/wp\/v2\/media?parent=957"}],"curies":[{"name":"wp","href":"https:\/\/api.w.org\/{rel}","templated":true}]}}