{"id":958,"date":"2020-12-05T14:46:11","date_gmt":"2020-12-05T13:46:11","guid":{"rendered":"https:\/\/www.urologie-kheyfets.at\/impressum\/"},"modified":"2020-12-05T14:46:11","modified_gmt":"2020-12-05T13:46:11","slug":"impressum","status":"publish","type":"page","link":"https:\/\/www.urologie-kheyfets.at\/ru\/impressum\/","title":{"rendered":"Impressum"},"content":{"rendered":"[vc_row type=&#187;full_width_content&#187; full_screen_row_position=&#187;middle&#187; column_margin=&#187;default&#187; equal_height=&#187;yes&#187; content_placement=&#187;middle&#187; column_direction=&#187;default&#187; column_direction_tablet=&#187;default&#187; column_direction_phone=&#187;default&#187; bg_color=&#187;#f9f9f9&#8243; scene_position=&#187;center&#187; top_padding=&#187;1%&#187; bottom_padding=&#187;1%&#187; text_color=&#187;dark&#187; text_align=&#187;left&#187; row_border_radius=&#187;none&#187; row_border_radius_applies=&#187;bg&#187; overflow=&#187;visible&#187; overlay_strength=&#187;0.3&#8243; gradient_direction=&#187;left_to_right&#187; shape_divider_position=&#187;bottom&#187; bg_image_animation=&#187;none&#187; shape_type=&#187;&#187;][vc_column column_padding=&#187;padding-3-percent&#187; column_padding_tablet=&#187;inherit&#187; column_padding_phone=&#187;inherit&#187; column_padding_position=&#187;left-right&#187; column_element_direction_desktop=&#187;default&#187; column_element_spacing=&#187;default&#187; desktop_text_alignment=&#187;default&#187; tablet_text_alignment=&#187;default&#187; phone_text_alignment=&#187;default&#187; background_color=&#187;#f9f9f9&#8243; background_color_opacity=&#187;1&#8243; background_hover_color_opacity=&#187;1&#8243; column_backdrop_filter=&#187;none&#187; column_shadow=&#187;none&#187; column_border_radius=&#187;none&#187; column_link_target=&#187;_self&#187; column_position=&#187;default&#187; gradient_direction=&#187;left_to_right&#187; overlay_strength=&#187;0.3&#8243; width=&#187;1\/1&#8243; tablet_width_inherit=&#187;default&#187; animation_type=&#187;default&#187; bg_image_animation=&#187;none&#187; border_type=&#187;simple&#187; column_border_width=&#187;none&#187; column_border_style=&#187;solid&#187;][vc_column_text]\n<h3>Impressum<\/h3>\n<span><span><a href=\"https:\/\/www.urologie-kheyfets.at\/ru\/\">Startseite<\/a><\/span><\/span>[\/vc_column_text][\/vc_column][\/vc_row][vc_row type=&#187;full_width_content&#187; full_screen_row_position=&#187;middle&#187; column_margin=&#187;default&#187; equal_height=&#187;yes&#187; content_placement=&#187;top&#187; column_direction=&#187;default&#187; column_direction_tablet=&#187;default&#187; column_direction_phone=&#187;default&#187; full_height=&#187;yes&#187; columns_placement=&#187;stretch&#187; scene_position=&#187;center&#187; text_color=&#187;dark&#187; text_align=&#187;left&#187; row_border_radius=&#187;none&#187; row_border_radius_applies=&#187;bg&#187; overflow=&#187;visible&#187; overlay_strength=&#187;0.3&#8243; gradient_direction=&#187;left_to_right&#187; shape_divider_position=&#187;bottom&#187; bg_image_animation=&#187;none&#187; shape_type=&#187;&#187; gradient_type=&#187;default&#187;][vc_column column_padding=&#187;padding-5-percent&#187; column_padding_tablet=&#187;inherit&#187; column_padding_phone=&#187;inherit&#187; column_padding_position=&#187;all&#187; column_element_direction_desktop=&#187;default&#187; column_element_spacing=&#187;default&#187; desktop_text_alignment=&#187;default&#187; tablet_text_alignment=&#187;default&#187; phone_text_alignment=&#187;default&#187; background_color=&#187;#ffffff&#187; background_color_opacity=&#187;1&#8243; background_hover_color_opacity=&#187;1&#8243; column_backdrop_filter=&#187;none&#187; column_shadow=&#187;none&#187; column_border_radius=&#187;none&#187; column_link_target=&#187;_self&#187; column_position=&#187;default&#187; gradient_direction=&#187;left_to_right&#187; overlay_strength=&#187;0.3&#8243; width=&#187;1\/1&#8243; tablet_width_inherit=&#187;default&#187; animation_type=&#187;default&#187; bg_image_animation=&#187;none&#187; border_type=&#187;simple&#187; column_border_width=&#187;none&#187; column_border_style=&#187;solid&#187; column_padding_type=&#187;default&#187; gradient_type=&#187;default&#187;][vc_column_text css=&#187;.vc_custom_1607255278448{margin-top: 30px !important;margin-bottom: 30px !important;}&#187;]<strong>IMPRESSUM Gem\u00e4\u00df dem \u00f6sterreichischen eCommerce-Gesetz (ECG), \u00a7 5 Abs. 1<\/strong><\/p>\n<p><strong>Medieninhaber und Herausgeber:<\/strong><br \/>\nDr. Oleg Kheyfets, F.E.B.U.<\/p>\n<p><strong>Anschrift Ordination:<\/strong><\/p>\n<p>Naglergasse 11\/1<br \/>\n1010 Wien<\/p>\n<p>Tel.: +43 664 411 12 75<br \/>\nMail: post@urologie-kheyfets.at<br \/>\nWeb: https:\/\/www.urologie-kheyfets.at<\/p>\n<p><strong>Kammerzugeh\u00f6rigkeit<\/strong><br \/>\nMitglied der \u00c4rztekammer f\u00fcr Wien<\/p>\n<p><strong>Fachrichtung<\/strong><br \/>\nFacharzt f\u00fcr Urologie<\/p>\n<p><strong>Nutzungsbedingungen<\/strong><br \/>\nDie Inhalte (Texte und Bilder) dieser Seiten sind urheberrechtlich gesch\u00fctzt. Die Informationen sind nur f\u00fcr die pers\u00f6nliche Verwendung bestimmt. Jede den Bestimmungen des Urheberrechtsgesetzes widersprechende Verwendung jeglicher Inhalte dieser Webseiten \u2013 insbesondere die weitergehende Nutzung wie beispielsweise die Ver\u00f6ffentlichung, Vervielf\u00e4ltigung und jede Form von gewerblicher Nutzung sowie die Weitergabe an Dritte \u2013 auch in Teilen oder in \u00fcberarbeiteter Form \u2013 ohne ausdr\u00fcckliche vorherige Zustimmung des Urhebers\/Verfassers ist untersagt.<\/p>\n<p>Bitte beachten Sie unsere\u00a0<a href=\"https:\/\/www.urologie-kheyfets.at\/datenschutz\/\">Datenschutzerkl\u00e4rung<\/a>.[\/vc_column_text][\/vc_column][\/vc_row]\n","protected":false},"excerpt":{"rendered":"<p>[vc_row type=&#187;full_width_content&#187; full_screen_row_position=&#187;middle&#187; column_margin=&#187;default&#187; equal_height=&#187;yes&#187; content_placement=&#187;middle&#187; column_direction=&#187;default&#187; column_direction_tablet=&#187;default&#187; column_direction_phone=&#187;default&#187; bg_color=&#187;#f9f9f9&#8243; scene_position=&#187;center&#187; top_padding=&#187;1%&#187; bottom_padding=&#187;1%&#187; text_color=&#187;dark&#187; text_align=&#187;left&#187; row_border_radius=&#187;none&#187; row_border_radius_applies=&#187;bg&#187; overflow=&#187;visible&#187; overlay_strength=&#187;0.3&#8243; gradient_direction=&#187;left_to_right&#187; shape_divider_position=&#187;bottom&#187; bg_image_animation=&#187;none&#187; shape_type=&#187;&#187;][vc_column column_padding=&#187;padding-3-percent&#187; column_padding_tablet=&#187;inherit&#187; column_padding_phone=&#187;inherit&#187; column_padding_position=&#187;left-right&#187; column_element_direction_desktop=&#187;default&#187; column_element_spacing=&#187;default&#187; desktop_text_alignment=&#187;default&#187;&#8230;<\/p>\n","protected":false},"author":2,"featured_media":508,"parent":0,"menu_order":0,"comment_status":"closed","ping_status":"closed","template":"","meta":{"footnotes":""},"class_list":["post-958","page","type-page","status-publish","has-post-thumbnail"],"yoast_head":"<!-- This site is optimized with the Yoast SEO plugin v27.4 - https:\/\/yoast.com\/product\/yoast-seo-wordpress\/ -->\n<title>Impressum - Urologe in Wien und Purkersdorf<\/title>\n<meta name=\"robots\" content=\"index, follow, max-snippet:-1, max-image-preview:large, max-video-preview:-1\" \/>\n<link rel=\"canonical\" href=\"https:\/\/www.urologie-kheyfets.at\/ru\/impressum\/\" \/>\n<meta property=\"og:locale\" content=\"ru_RU\" \/>\n<meta property=\"og:type\" content=\"article\" \/>\n<meta property=\"og:title\" content=\"Impressum - Urologe in Wien und Purkersdorf\" \/>\n<meta property=\"og:description\" content=\"[vc_row type=&#187;full_width_content&#187; full_screen_row_position=&#187;middle&#187; column_margin=&#187;default&#187; equal_height=&#187;yes&#187; content_placement=&#187;middle&#187; column_direction=&#187;default&#187; column_direction_tablet=&#187;default&#187; column_direction_phone=&#187;default&#187; bg_color=&#187;#f9f9f9&#8243; scene_position=&#187;center&#187; top_padding=&#187;1%&#187; bottom_padding=&#187;1%&#187; text_color=&#187;dark&#187; text_align=&#187;left&#187; row_border_radius=&#187;none&#187; row_border_radius_applies=&#187;bg&#187; overflow=&#187;visible&#187; overlay_strength=&#187;0.3&#8243; gradient_direction=&#187;left_to_right&#187; shape_divider_position=&#187;bottom&#187; bg_image_animation=&#187;none&#187; shape_type=&#187;&#187;][vc_column column_padding=&#187;padding-3-percent&#187; column_padding_tablet=&#187;inherit&#187; column_padding_phone=&#187;inherit&#187; column_padding_position=&#187;left-right&#187; column_element_direction_desktop=&#187;default&#187; column_element_spacing=&#187;default&#187; desktop_text_alignment=&#187;default&#187;...\" \/>\n<meta property=\"og:url\" content=\"https:\/\/www.urologie-kheyfets.at\/ru\/impressum\/\" \/>\n<meta property=\"og:site_name\" content=\"Urologe in Wien und Purkersdorf\" \/>\n<meta property=\"og:image\" content=\"https:\/\/www.urologie-kheyfets.at\/wp-content\/uploads\/2020\/12\/Urologe-in-Wien-1010-Dr-Oleg-Kheyfets-Uro-Wien-scaled.jpg\" \/>\n\t<meta property=\"og:image:width\" content=\"2560\" \/>\n\t<meta property=\"og:image:height\" content=\"1706\" \/>\n\t<meta property=\"og:image:type\" content=\"image\/jpeg\" \/>\n<meta name=\"twitter:card\" content=\"summary_large_image\" \/>\n<meta name=\"twitter:label1\" content=\"\u041f\u0440\u0438\u043c\u0435\u0440\u043d\u043e\u0435 \u0432\u0440\u0435\u043c\u044f \u0434\u043b\u044f \u0447\u0442\u0435\u043d\u0438\u044f\" \/>\n\t<meta name=\"twitter:data1\" content=\"3 \u043c\u0438\u043d\u0443\u0442\u044b\" \/>\n<script type=\"application\/ld+json\" class=\"yoast-schema-graph\">{\"@context\":\"https:\\\/\\\/schema.org\",\"@graph\":[{\"@type\":\"WebPage\",\"@id\":\"https:\\\/\\\/www.urologie-kheyfets.at\\\/ru\\\/impressum\\\/\",\"url\":\"https:\\\/\\\/www.urologie-kheyfets.at\\\/ru\\\/impressum\\\/\",\"name\":\"Impressum - Urologe in Wien und Purkersdorf\",\"isPartOf\":{\"@id\":\"https:\\\/\\\/www.urologie-kheyfets.at\\\/ru\\\/#website\"},\"primaryImageOfPage\":{\"@id\":\"https:\\\/\\\/www.urologie-kheyfets.at\\\/ru\\\/impressum\\\/#primaryimage\"},\"image\":{\"@id\":\"https:\\\/\\\/www.urologie-kheyfets.at\\\/ru\\\/impressum\\\/#primaryimage\"},\"thumbnailUrl\":\"https:\\\/\\\/www.urologie-kheyfets.at\\\/wp-content\\\/uploads\\\/2020\\\/12\\\/Urologe-in-Wien-1010-Dr-Oleg-Kheyfets-Uro-Wien-scaled.jpg\",\"datePublished\":\"2020-12-05T13:46:11+00:00\",\"breadcrumb\":{\"@id\":\"https:\\\/\\\/www.urologie-kheyfets.at\\\/ru\\\/impressum\\\/#breadcrumb\"},\"inLanguage\":\"ru-RU\",\"potentialAction\":[{\"@type\":\"ReadAction\",\"target\":[\"https:\\\/\\\/www.urologie-kheyfets.at\\\/ru\\\/impressum\\\/\"]}]},{\"@type\":\"ImageObject\",\"inLanguage\":\"ru-RU\",\"@id\":\"https:\\\/\\\/www.urologie-kheyfets.at\\\/ru\\\/impressum\\\/#primaryimage\",\"url\":\"https:\\\/\\\/www.urologie-kheyfets.at\\\/wp-content\\\/uploads\\\/2020\\\/12\\\/Urologe-in-Wien-1010-Dr-Oleg-Kheyfets-Uro-Wien-scaled.jpg\",\"contentUrl\":\"https:\\\/\\\/www.urologie-kheyfets.at\\\/wp-content\\\/uploads\\\/2020\\\/12\\\/Urologe-in-Wien-1010-Dr-Oleg-Kheyfets-Uro-Wien-scaled.jpg\",\"width\":2560,\"height\":1706,\"caption\":\"Dr. Oleg Kheyfets - Urologe in Wien, Urologe in Purkersdorf\"},{\"@type\":\"BreadcrumbList\",\"@id\":\"https:\\\/\\\/www.urologie-kheyfets.at\\\/ru\\\/impressum\\\/#breadcrumb\",\"itemListElement\":[{\"@type\":\"ListItem\",\"position\":1,\"name\":\"Startseite\",\"item\":\"https:\\\/\\\/www.urologie-kheyfets.at\\\/ru\\\/\"},{\"@type\":\"ListItem\",\"position\":2,\"name\":\"Impressum\"}]},{\"@type\":\"WebSite\",\"@id\":\"https:\\\/\\\/www.urologie-kheyfets.at\\\/ru\\\/#website\",\"url\":\"https:\\\/\\\/www.urologie-kheyfets.at\\\/ru\\\/\",\"name\":\"Urologe in Wien und Purkersdorf\",\"description\":\"\u0430\u0441\u0441. \u043f\u0440\u043e\u0444. \u0414\u043e\u043a\u0442\u043e\u0440 \u0425\u0435\u0439\u0444\u0435\u0446 \u041e\u043b\u0435\u0433 \u0412\u043b\u0430\u0434\u0438\u043c\u0438\u0440\u043e\u0432\u0438\u0447, FEBU\",\"potentialAction\":[{\"@type\":\"SearchAction\",\"target\":{\"@type\":\"EntryPoint\",\"urlTemplate\":\"https:\\\/\\\/www.urologie-kheyfets.at\\\/ru\\\/?s={search_term_string}\"},\"query-input\":{\"@type\":\"PropertyValueSpecification\",\"valueRequired\":true,\"valueName\":\"search_term_string\"}}],\"inLanguage\":\"ru-RU\"}]}<\/script>\n<!-- \/ Yoast SEO plugin. -->","yoast_head_json":{"title":"Impressum - Urologe in Wien und Purkersdorf","robots":{"index":"index","follow":"follow","max-snippet":"max-snippet:-1","max-image-preview":"max-image-preview:large","max-video-preview":"max-video-preview:-1"},"canonical":"https:\/\/www.urologie-kheyfets.at\/ru\/impressum\/","og_locale":"ru_RU","og_type":"article","og_title":"Impressum - Urologe in Wien und Purkersdorf","og_description":"[vc_row type=&#187;full_width_content&#187; full_screen_row_position=&#187;middle&#187; column_margin=&#187;default&#187; equal_height=&#187;yes&#187; content_placement=&#187;middle&#187; column_direction=&#187;default&#187; column_direction_tablet=&#187;default&#187; column_direction_phone=&#187;default&#187; bg_color=&#187;#f9f9f9&#8243; scene_position=&#187;center&#187; top_padding=&#187;1%&#187; bottom_padding=&#187;1%&#187; text_color=&#187;dark&#187; text_align=&#187;left&#187; row_border_radius=&#187;none&#187; row_border_radius_applies=&#187;bg&#187; overflow=&#187;visible&#187; overlay_strength=&#187;0.3&#8243; gradient_direction=&#187;left_to_right&#187; shape_divider_position=&#187;bottom&#187; bg_image_animation=&#187;none&#187; shape_type=&#187;&#187;][vc_column column_padding=&#187;padding-3-percent&#187; column_padding_tablet=&#187;inherit&#187; column_padding_phone=&#187;inherit&#187; column_padding_position=&#187;left-right&#187; column_element_direction_desktop=&#187;default&#187; column_element_spacing=&#187;default&#187; desktop_text_alignment=&#187;default&#187;...","og_url":"https:\/\/www.urologie-kheyfets.at\/ru\/impressum\/","og_site_name":"Urologe in Wien und Purkersdorf","og_image":[{"width":2560,"height":1706,"url":"https:\/\/www.urologie-kheyfets.at\/wp-content\/uploads\/2020\/12\/Urologe-in-Wien-1010-Dr-Oleg-Kheyfets-Uro-Wien-scaled.jpg","type":"image\/jpeg"}],"twitter_card":"summary_large_image","twitter_misc":{"\u041f\u0440\u0438\u043c\u0435\u0440\u043d\u043e\u0435 \u0432\u0440\u0435\u043c\u044f \u0434\u043b\u044f \u0447\u0442\u0435\u043d\u0438\u044f":"3 \u043c\u0438\u043d\u0443\u0442\u044b"},"schema":{"@context":"https:\/\/schema.org","@graph":[{"@type":"WebPage","@id":"https:\/\/www.urologie-kheyfets.at\/ru\/impressum\/","url":"https:\/\/www.urologie-kheyfets.at\/ru\/impressum\/","name":"Impressum - Urologe in Wien und Purkersdorf","isPartOf":{"@id":"https:\/\/www.urologie-kheyfets.at\/ru\/#website"},"primaryImageOfPage":{"@id":"https:\/\/www.urologie-kheyfets.at\/ru\/impressum\/#primaryimage"},"image":{"@id":"https:\/\/www.urologie-kheyfets.at\/ru\/impressum\/#primaryimage"},"thumbnailUrl":"https:\/\/www.urologie-kheyfets.at\/wp-content\/uploads\/2020\/12\/Urologe-in-Wien-1010-Dr-Oleg-Kheyfets-Uro-Wien-scaled.jpg","datePublished":"2020-12-05T13:46:11+00:00","breadcrumb":{"@id":"https:\/\/www.urologie-kheyfets.at\/ru\/impressum\/#breadcrumb"},"inLanguage":"ru-RU","potentialAction":[{"@type":"ReadAction","target":["https:\/\/www.urologie-kheyfets.at\/ru\/impressum\/"]}]},{"@type":"ImageObject","inLanguage":"ru-RU","@id":"https:\/\/www.urologie-kheyfets.at\/ru\/impressum\/#primaryimage","url":"https:\/\/www.urologie-kheyfets.at\/wp-content\/uploads\/2020\/12\/Urologe-in-Wien-1010-Dr-Oleg-Kheyfets-Uro-Wien-scaled.jpg","contentUrl":"https:\/\/www.urologie-kheyfets.at\/wp-content\/uploads\/2020\/12\/Urologe-in-Wien-1010-Dr-Oleg-Kheyfets-Uro-Wien-scaled.jpg","width":2560,"height":1706,"caption":"Dr. Oleg Kheyfets - Urologe in Wien, Urologe in Purkersdorf"},{"@type":"BreadcrumbList","@id":"https:\/\/www.urologie-kheyfets.at\/ru\/impressum\/#breadcrumb","itemListElement":[{"@type":"ListItem","position":1,"name":"Startseite","item":"https:\/\/www.urologie-kheyfets.at\/ru\/"},{"@type":"ListItem","position":2,"name":"Impressum"}]},{"@type":"WebSite","@id":"https:\/\/www.urologie-kheyfets.at\/ru\/#website","url":"https:\/\/www.urologie-kheyfets.at\/ru\/","name":"Urologe in Wien und Purkersdorf","description":"\u0430\u0441\u0441. \u043f\u0440\u043e\u0444. \u0414\u043e\u043a\u0442\u043e\u0440 \u0425\u0435\u0439\u0444\u0435\u0446 \u041e\u043b\u0435\u0433 \u0412\u043b\u0430\u0434\u0438\u043c\u0438\u0440\u043e\u0432\u0438\u0447, FEBU","potentialAction":[{"@type":"SearchAction","target":{"@type":"EntryPoint","urlTemplate":"https:\/\/www.urologie-kheyfets.at\/ru\/?s={search_term_string}"},"query-input":{"@type":"PropertyValueSpecification","valueRequired":true,"valueName":"search_term_string"}}],"inLanguage":"ru-RU"}]}},"_links":{"self":[{"href":"https:\/\/www.urologie-kheyfets.at\/ru\/wp-json\/wp\/v2\/pages\/958","targetHints":{"allow":["GET"]}}],"collection":[{"href":"https:\/\/www.urologie-kheyfets.at\/ru\/wp-json\/wp\/v2\/pages"}],"about":[{"href":"https:\/\/www.urologie-kheyfets.at\/ru\/wp-json\/wp\/v2\/types\/page"}],"author":[{"embeddable":true,"href":"https:\/\/www.urologie-kheyfets.at\/ru\/wp-json\/wp\/v2\/users\/2"}],"replies":[{"embeddable":true,"href":"https:\/\/www.urologie-kheyfets.at\/ru\/wp-json\/wp\/v2\/comments?post=958"}],"version-history":[{"count":0,"href":"https:\/\/www.urologie-kheyfets.at\/ru\/wp-json\/wp\/v2\/pages\/958\/revisions"}],"wp:featuredmedia":[{"embeddable":true,"href":"https:\/\/www.urologie-kheyfets.at\/ru\/wp-json\/wp\/v2\/media\/508"}],"wp:attachment":[{"href":"https:\/\/www.urologie-kheyfets.at\/ru\/wp-json\/wp\/v2\/media?parent=958"}],"curies":[{"name":"wp","href":"https:\/\/api.w.org\/{rel}","templated":true}]}}